{"id":1496,"date":"2022-08-05T18:08:29","date_gmt":"2022-08-05T18:08:29","guid":{"rendered":"https:\/\/netagen.com\/?page_id=1496"},"modified":"2022-08-15T15:18:19","modified_gmt":"2022-08-15T15:18:19","slug":"extremecloud-iq-supported-by-netagen","status":"publish","type":"page","link":"https:\/\/netagen.com\/fr\/extremecloud-iq-supported-by-netagen\/","title":{"rendered":"ExtremeCloud IQ &#8211; Supported By Netagen"},"content":{"rendered":"","protected":false},"excerpt":{"rendered":"","protected":false},"author":12,"featured_media":483,"parent":0,"menu_order":0,"comment_status":"closed","ping_status":"closed","template":"","meta":{"_acf_changed":false,"content-type":"","inline_featured_image":false,"_monsterinsights_skip_tracking":false,"_monsterinsights_sitenote_active":false,"_monsterinsights_sitenote_note":"","_monsterinsights_sitenote_category":0,"footnotes":""},"class_list":["post-1496","page","type-page","status-publish","has-post-thumbnail","hentry"],"acf":[],"yoast_head":"<!-- This site is optimized with the Yoast SEO plugin v22.7 - https:\/\/yoast.com\/wordpress\/plugins\/seo\/ -->\n<title>ExtremeCloud IQ | Meilleure plateforme de gestion de r\u00e9seau<\/title>\n<meta name=\"description\" content=\"ExtremeCloud IQ est le meilleur outil de gestion de r\u00e9seau bas\u00e9 sur le cloud qui vous permet de surveiller les performances, la disponibilit\u00e9 et la sant\u00e9 de tout votre r\u00e9seau.\" \/>\n<meta name=\"robots\" content=\"index, follow, max-snippet:-1, max-image-preview:large, max-video-preview:-1\" \/>\n<link rel=\"canonical\" href=\"https:\/\/netagen.com\/fr\/extremecloud-iq-supported-by-netagen\/\" \/>\n<meta property=\"og:locale\" content=\"fr_FR\" \/>\n<meta property=\"og:type\" content=\"article\" \/>\n<meta property=\"og:title\" content=\"ExtremeCloud IQ | Meilleure plateforme de gestion de r\u00e9seau\" \/>\n<meta property=\"og:description\" content=\"ExtremeCloud IQ est le meilleur outil de gestion de r\u00e9seau bas\u00e9 sur le cloud qui vous permet de surveiller les performances, la disponibilit\u00e9 et la sant\u00e9 de tout votre r\u00e9seau.\" \/>\n<meta property=\"og:url\" content=\"https:\/\/netagen.com\/fr\/extremecloud-iq-supported-by-netagen\/\" \/>\n<meta property=\"og:site_name\" content=\"Netagen\" \/>\n<meta property=\"article:publisher\" content=\"https:\/\/www.facebook.com\/NetagenCanada\" \/>\n<meta property=\"article:modified_time\" content=\"2022-08-15T15:18:19+00:00\" \/>\n<meta property=\"og:image\" content=\"https:\/\/netagen.com\/wp-content\/uploads\/2021\/09\/Netagen-Logo.png\" \/>\n\t<meta property=\"og:image:width\" content=\"360\" \/>\n\t<meta property=\"og:image:height\" content=\"360\" \/>\n\t<meta property=\"og:image:type\" content=\"image\/png\" \/>\n<meta name=\"twitter:card\" content=\"summary_large_image\" \/>\n<meta name=\"twitter:site\" content=\"@NetagenCanada\" \/>\n<script type=\"application\/ld+json\" class=\"yoast-schema-graph\">{\"@context\":\"https:\/\/schema.org\",\"@graph\":[{\"@type\":\"WebPage\",\"@id\":\"https:\/\/netagen.com\/fr\/extremecloud-iq-supported-by-netagen\/\",\"url\":\"https:\/\/netagen.com\/fr\/extremecloud-iq-supported-by-netagen\/\",\"name\":\"ExtremeCloud IQ | Meilleure plateforme de gestion de r\u00e9seau\",\"isPartOf\":{\"@id\":\"https:\/\/netagen.com\/fr\/#website\"},\"primaryImageOfPage\":{\"@id\":\"https:\/\/netagen.com\/fr\/extremecloud-iq-supported-by-netagen\/#primaryimage\"},\"image\":{\"@id\":\"https:\/\/netagen.com\/fr\/extremecloud-iq-supported-by-netagen\/#primaryimage\"},\"thumbnailUrl\":\"https:\/\/netagen.com\/wp-content\/uploads\/2021\/09\/Netagen-Logo.png\",\"datePublished\":\"2022-08-05T18:08:29+00:00\",\"dateModified\":\"2022-08-15T15:18:19+00:00\",\"description\":\"ExtremeCloud IQ est le meilleur outil de gestion de r\u00e9seau bas\u00e9 sur le cloud qui vous permet de surveiller les performances, la disponibilit\u00e9 et la sant\u00e9 de tout votre r\u00e9seau.\",\"breadcrumb\":{\"@id\":\"https:\/\/netagen.com\/fr\/extremecloud-iq-supported-by-netagen\/#breadcrumb\"},\"inLanguage\":\"fr-FR\",\"potentialAction\":[{\"@type\":\"ReadAction\",\"target\":[\"https:\/\/netagen.com\/fr\/extremecloud-iq-supported-by-netagen\/\"]}]},{\"@type\":\"ImageObject\",\"inLanguage\":\"fr-FR\",\"@id\":\"https:\/\/netagen.com\/fr\/extremecloud-iq-supported-by-netagen\/#primaryimage\",\"url\":\"https:\/\/netagen.com\/wp-content\/uploads\/2021\/09\/Netagen-Logo.png\",\"contentUrl\":\"https:\/\/netagen.com\/wp-content\/uploads\/2021\/09\/Netagen-Logo.png\",\"width\":360,\"height\":360,\"caption\":\"netagen logo\"},{\"@type\":\"BreadcrumbList\",\"@id\":\"https:\/\/netagen.com\/fr\/extremecloud-iq-supported-by-netagen\/#breadcrumb\",\"itemListElement\":[{\"@type\":\"ListItem\",\"position\":1,\"name\":\"Home\",\"item\":\"https:\/\/netagen.com\/fr\/\"},{\"@type\":\"ListItem\",\"position\":2,\"name\":\"ExtremeCloud IQ &#8211; Supported By Netagen\"}]},{\"@type\":\"WebSite\",\"@id\":\"https:\/\/netagen.com\/fr\/#website\",\"url\":\"https:\/\/netagen.com\/fr\/\",\"name\":\"Netagen\",\"description\":\"Connecting what&#039;s next\",\"publisher\":{\"@id\":\"https:\/\/netagen.com\/fr\/#organization\"},\"potentialAction\":[{\"@type\":\"SearchAction\",\"target\":{\"@type\":\"EntryPoint\",\"urlTemplate\":\"https:\/\/netagen.com\/fr\/?s={search_term_string}\"},\"query-input\":\"required name=search_term_string\"}],\"inLanguage\":\"fr-FR\"},{\"@type\":\"Organization\",\"@id\":\"https:\/\/netagen.com\/fr\/#organization\",\"name\":\"Netagen\",\"url\":\"https:\/\/netagen.com\/fr\/\",\"logo\":{\"@type\":\"ImageObject\",\"inLanguage\":\"fr-FR\",\"@id\":\"https:\/\/netagen.com\/fr\/#\/schema\/logo\/image\/\",\"url\":\"https:\/\/netagen.com\/wp-content\/uploads\/2021\/09\/Netagen-Logo.png\",\"contentUrl\":\"https:\/\/netagen.com\/wp-content\/uploads\/2021\/09\/Netagen-Logo.png\",\"width\":360,\"height\":360,\"caption\":\"Netagen\"},\"image\":{\"@id\":\"https:\/\/netagen.com\/fr\/#\/schema\/logo\/image\/\"},\"sameAs\":[\"https:\/\/www.facebook.com\/NetagenCanada\",\"https:\/\/x.com\/NetagenCanada\",\"https:\/\/www.linkedin.com\/company\/netagen\/\"]}]}<\/script>\n<!-- \/ Yoast SEO plugin. -->","yoast_head_json":{"title":"ExtremeCloud IQ | Meilleure plateforme de gestion de r\u00e9seau","description":"ExtremeCloud IQ est le meilleur outil de gestion de r\u00e9seau bas\u00e9 sur le cloud qui vous permet de surveiller les performances, la disponibilit\u00e9 et la sant\u00e9 de tout votre r\u00e9seau.","robots":{"index":"index","follow":"follow","max-snippet":"max-snippet:-1","max-image-preview":"max-image-preview:large","max-video-preview":"max-video-preview:-1"},"canonical":"https:\/\/netagen.com\/fr\/extremecloud-iq-supported-by-netagen\/","og_locale":"fr_FR","og_type":"article","og_title":"ExtremeCloud IQ | Meilleure plateforme de gestion de r\u00e9seau","og_description":"ExtremeCloud IQ est le meilleur outil de gestion de r\u00e9seau bas\u00e9 sur le cloud qui vous permet de surveiller les performances, la disponibilit\u00e9 et la sant\u00e9 de tout votre r\u00e9seau.","og_url":"https:\/\/netagen.com\/fr\/extremecloud-iq-supported-by-netagen\/","og_site_name":"Netagen","article_publisher":"https:\/\/www.facebook.com\/NetagenCanada","article_modified_time":"2022-08-15T15:18:19+00:00","og_image":[{"width":360,"height":360,"url":"https:\/\/netagen.com\/wp-content\/uploads\/2021\/09\/Netagen-Logo.png","type":"image\/png"}],"twitter_card":"summary_large_image","twitter_site":"@NetagenCanada","schema":{"@context":"https:\/\/schema.org","@graph":[{"@type":"WebPage","@id":"https:\/\/netagen.com\/fr\/extremecloud-iq-supported-by-netagen\/","url":"https:\/\/netagen.com\/fr\/extremecloud-iq-supported-by-netagen\/","name":"ExtremeCloud IQ | Meilleure plateforme de gestion de r\u00e9seau","isPartOf":{"@id":"https:\/\/netagen.com\/fr\/#website"},"primaryImageOfPage":{"@id":"https:\/\/netagen.com\/fr\/extremecloud-iq-supported-by-netagen\/#primaryimage"},"image":{"@id":"https:\/\/netagen.com\/fr\/extremecloud-iq-supported-by-netagen\/#primaryimage"},"thumbnailUrl":"https:\/\/netagen.com\/wp-content\/uploads\/2021\/09\/Netagen-Logo.png","datePublished":"2022-08-05T18:08:29+00:00","dateModified":"2022-08-15T15:18:19+00:00","description":"ExtremeCloud IQ est le meilleur outil de gestion de r\u00e9seau bas\u00e9 sur le cloud qui vous permet de surveiller les performances, la disponibilit\u00e9 et la sant\u00e9 de tout votre r\u00e9seau.","breadcrumb":{"@id":"https:\/\/netagen.com\/fr\/extremecloud-iq-supported-by-netagen\/#breadcrumb"},"inLanguage":"fr-FR","potentialAction":[{"@type":"ReadAction","target":["https:\/\/netagen.com\/fr\/extremecloud-iq-supported-by-netagen\/"]}]},{"@type":"ImageObject","inLanguage":"fr-FR","@id":"https:\/\/netagen.com\/fr\/extremecloud-iq-supported-by-netagen\/#primaryimage","url":"https:\/\/netagen.com\/wp-content\/uploads\/2021\/09\/Netagen-Logo.png","contentUrl":"https:\/\/netagen.com\/wp-content\/uploads\/2021\/09\/Netagen-Logo.png","width":360,"height":360,"caption":"netagen logo"},{"@type":"BreadcrumbList","@id":"https:\/\/netagen.com\/fr\/extremecloud-iq-supported-by-netagen\/#breadcrumb","itemListElement":[{"@type":"ListItem","position":1,"name":"Home","item":"https:\/\/netagen.com\/fr\/"},{"@type":"ListItem","position":2,"name":"ExtremeCloud IQ &#8211; Supported By Netagen"}]},{"@type":"WebSite","@id":"https:\/\/netagen.com\/fr\/#website","url":"https:\/\/netagen.com\/fr\/","name":"Netagen","description":"Connecting what&#039;s next","publisher":{"@id":"https:\/\/netagen.com\/fr\/#organization"},"potentialAction":[{"@type":"SearchAction","target":{"@type":"EntryPoint","urlTemplate":"https:\/\/netagen.com\/fr\/?s={search_term_string}"},"query-input":"required name=search_term_string"}],"inLanguage":"fr-FR"},{"@type":"Organization","@id":"https:\/\/netagen.com\/fr\/#organization","name":"Netagen","url":"https:\/\/netagen.com\/fr\/","logo":{"@type":"ImageObject","inLanguage":"fr-FR","@id":"https:\/\/netagen.com\/fr\/#\/schema\/logo\/image\/","url":"https:\/\/netagen.com\/wp-content\/uploads\/2021\/09\/Netagen-Logo.png","contentUrl":"https:\/\/netagen.com\/wp-content\/uploads\/2021\/09\/Netagen-Logo.png","width":360,"height":360,"caption":"Netagen"},"image":{"@id":"https:\/\/netagen.com\/fr\/#\/schema\/logo\/image\/"},"sameAs":["https:\/\/www.facebook.com\/NetagenCanada","https:\/\/x.com\/NetagenCanada","https:\/\/www.linkedin.com\/company\/netagen\/"]}]}},"_links":{"self":[{"href":"https:\/\/netagen.com\/fr\/wp-json\/wp\/v2\/pages\/1496","targetHints":{"allow":["GET"]}}],"collection":[{"href":"https:\/\/netagen.com\/fr\/wp-json\/wp\/v2\/pages"}],"about":[{"href":"https:\/\/netagen.com\/fr\/wp-json\/wp\/v2\/types\/page"}],"author":[{"embeddable":true,"href":"https:\/\/netagen.com\/fr\/wp-json\/wp\/v2\/users\/12"}],"replies":[{"embeddable":true,"href":"https:\/\/netagen.com\/fr\/wp-json\/wp\/v2\/comments?post=1496"}],"version-history":[{"count":0,"href":"https:\/\/netagen.com\/fr\/wp-json\/wp\/v2\/pages\/1496\/revisions"}],"wp:featuredmedia":[{"embeddable":true,"href":"https:\/\/netagen.com\/fr\/wp-json\/wp\/v2\/media\/483"}],"wp:attachment":[{"href":"https:\/\/netagen.com\/fr\/wp-json\/wp\/v2\/media?parent=1496"}],"curies":[{"name":"wp","href":"https:\/\/api.w.org\/{rel}","templated":true}]}}